{"id":1308,"date":"2019-12-08T01:11:12","date_gmt":"2019-12-08T00:11:12","guid":{"rendered":"https:\/\/ifaction.at\/?page_id=1308"},"modified":"2019-12-08T01:16:31","modified_gmt":"2019-12-08T00:16:31","slug":"impressum-datenschutz","status":"publish","type":"page","link":"https:\/\/ifaction.at\/?page_id=1308","title":{"rendered":"Impressum &#038; Datenschutz"},"content":{"rendered":"<div class=\"fusion-fullwidth fullwidth-box fusion-builder-row-1 nonhundred-percent-fullwidth non-hundred-percent-height-scrolling\" style=\"--awb-border-radius-top-left:0px;--awb-border-radius-top-right:0px;--awb-border-radius-bottom-right:0px;--awb-border-radius-bottom-left:0px;--awb-flex-wrap:wrap;\" ><div class=\"fusion-builder-row fusion-row\"><div class=\"fusion-layout-column fusion_builder_column fusion-builder-column-0 fusion_builder_column_1_2 1_2 fusion-one-half fusion-column-first\" style=\"--awb-bg-size:cover;--awb-margin-bottom:0px;width:48%; margin-right: 4%;\"><div class=\"fusion-column-wrapper fusion-flex-column-wrapper-legacy\"><div class=\"fusion-text fusion-text-1\"><h2>Wer wir sind<\/h2>\n<div class=\"fusion-layout-column fusion_builder_column fusion_builder_column_1_3 fusion-builder-column-43 fusion-one-third 1_3\">\n<div class=\"fusion-column-wrapper\" data-bg-url=\"\">\n<div class=\"fusion-text\">\n<p>Walther Gelmini,\u00a0Mag. FH, MSc<br \/>Beratung, Konzeption und Begleitung in Ver\u00e4nderungsprozessen<\/p>\n<\/div>\n<p>institut@ifaction.at<br \/>0664 5201711<\/p>\n<\/div>\n<\/div>\n<p>&nbsp;<\/p>\n<\/div><div class=\"fusion-clearfix\"><\/div><\/div><\/div><div class=\"fusion-layout-column fusion_builder_column fusion-builder-column-1 fusion_builder_column_1_2 1_2 fusion-one-half fusion-column-last\" style=\"--awb-bg-size:cover;--awb-margin-bottom:0px;width:48%;\"><div class=\"fusion-column-wrapper fusion-flex-column-wrapper-legacy\"><div class=\"fusion-text fusion-text-2\"><h2>Wir sammeln KEINE personenbezogenen Daten.<\/h2>\n<h3>Kontaktformular<\/h3>\n<p>Die einzige Form der Verarbeitung personenbezogener Daten auf unserer Website, passiert wenn Du uns eine Nachricht schreibst. Die auf diesem Weg \u00fcbermittelten Kontaktdaten werden aber ausschlie\u00dflich f\u00fcr diesen Zweck der Korrespondenz verwendet und mit niemand geteilt. Deine Kontaktdaten bleiben gespeichert solange die Korrespondenz aufrecht bleibt. Sollten sie nicht mehr ben\u00f6tigt werden, werden die Daten halbj\u00e4hrlich gel\u00f6scht. Du hast jederzeit das Recht, uns aufzufordern, Deine Daten zu l\u00f6schen \u2013 wir respektieren das und kommen dieser Bitte sehr gerne nach.<\/p>\n<h3 data-fontsize=\"50\" data-lineheight=\"75\">Wir verwenden keine Cookies oder\u00a0Analysedienste!<\/h3>\n<\/div><div class=\"fusion-clearfix\"><\/div><\/div><\/div><\/div><\/div>\n","protected":false},"excerpt":{"rendered":"","protected":false},"author":1,"featured_media":0,"parent":0,"menu_order":0,"comment_status":"closed","ping_status":"closed","template":"","meta":{"footnotes":""},"class_list":["post-1308","page","type-page","status-publish","hentry"],"aioseo_notices":[],"_links":{"self":[{"href":"https:\/\/ifaction.at\/index.php?rest_route=\/wp\/v2\/pages\/1308","targetHints":{"allow":["GET"]}}],"collection":[{"href":"https:\/\/ifaction.at\/index.php?rest_route=\/wp\/v2\/pages"}],"about":[{"href":"https:\/\/ifaction.at\/index.php?rest_route=\/wp\/v2\/types\/page"}],"author":[{"embeddable":true,"href":"https:\/\/ifaction.at\/index.php?rest_route=\/wp\/v2\/users\/1"}],"replies":[{"embeddable":true,"href":"https:\/\/ifaction.at\/index.php?rest_route=%2Fwp%2Fv2%2Fcomments&post=1308"}],"version-history":[{"count":3,"href":"https:\/\/ifaction.at\/index.php?rest_route=\/wp\/v2\/pages\/1308\/revisions"}],"predecessor-version":[{"id":1311,"href":"https:\/\/ifaction.at\/index.php?rest_route=\/wp\/v2\/pages\/1308\/revisions\/1311"}],"wp:attachment":[{"href":"https:\/\/ifaction.at\/index.php?rest_route=%2Fwp%2Fv2%2Fmedia&parent=1308"}],"curies":[{"name":"wp","href":"https:\/\/api.w.org\/{rel}","templated":true}]}}